{"id":866,"date":"2015-09-03T07:45:27","date_gmt":"2015-09-03T07:45:27","guid":{"rendered":"http:\/\/tn.joomexp.com\/wordpress\/wp-medico\/?page_id=866"},"modified":"2021-05-06T13:01:44","modified_gmt":"2021-05-06T13:01:44","slug":"o-nas_uber-uns","status":"publish","type":"page","link":"https:\/\/permanent24.com\/de\/o-nas_uber-uns\/","title":{"rendered":"\u00dcber uns"},"content":{"rendered":"<p>[vc_row css=&#8220;.vc_custom_1441270069409{padding-bottom: 120px !important;}&#8220;][vc_column width=&#8220;1\/2&#8243; list_style=&#8220;list-style-1&#8243;][vc_custom_heading text=&#8220;Natural Beauty&#8220; font_container=&#8220;tag:h2|font_size:30px|text_align:left|line_height:30px&#8220; use_theme_fonts=&#8220;yes&#8220;][vc_column_text]<\/p>\n<p style=\"text-align: left;\">Herzlich Willkommen auf den Seiten von Natural Beauty. Sie interessieren sich f\u00fcr ein dauerhaftes Make-up und legen gr\u00f6\u00dften Wert auf ein nat\u00fcrliches Aussehen das hochwertig ist? Dann sind Sie bei uns richtig, wir sind die Spezialisten f\u00fcr Feinstpigmentierung in Berlin. Unser Team beraten Sie gern \u00fcber den Bereich Permanent-Make-up.<\/p>\n<p>[\/vc_column_text][vc_empty_space][vc_custom_heading text=&#8220;Angebote&#8220; font_container=&#8220;tag:h2|font_size:30px|text_align:left|line_height:30px&#8220; use_theme_fonts=&#8220;yes&#8220;][vc_column_text]<\/p>\n<ul>\n<li>Microblading<\/li>\n<li>Microblading &amp; Schattierung<\/li>\n<li>Schattierung<\/li>\n<li>Wimpernkranz oben<\/li>\n<li>Lidstrich oben<\/li>\n<li>Lidstrich unten<\/li>\n<li>Lidstrich oben &amp; unten<\/li>\n<li>Lippenkontur<\/li>\n<li>Vollzeichnung<\/li>\n<li>Micro Needling Mesotherapie<\/li>\n<\/ul>\n<p>[\/vc_column_text][vc_empty_space height=&#8220;32&#8243;][\/vc_column][vc_column width=&#8220;1\/2&#8243;][vc_gallery type=&#8220;flexslider_slide&#8220; interval=&#8220;3&#8243; images=&#8220;3017&#8243; img_size=&#8220;full&#8220; onclick=&#8220;&#8220;][cms_button button_text=&#8220;Preisliste&#8220; link_button=&#8220;https:\/\/permanent24.com\/de\/cennik&#8220; icon_fontawesome=&#8220;fa fa-eur&#8220; icon_align=&#8220;right&#8220; button_style=&#8220;btn-inverse&#8220;][\/vc_column][\/vc_row][vc_row][vc_column][vc_column_text]<\/p>\n<h1 style=\"text-align: center;\">Leistungen<\/h1>\n<p>[\/vc_column_text][vc_empty_space][\/vc_column][\/vc_row][vc_row][vc_column width=&#8220;1\/2&#8243;][vc_empty_space][vc_empty_space][vc_column_text]<\/p>\n<h2>PERMANENT MAKE UP<\/h2>\n<p>Permanent Make-up (PMU) ist die Bezeichnung f\u00fcr spezielle kosmetische\u00a0Mikropigmentation im Gesicht, die durch die mehrj\u00e4hrig haltbare k\u00fcnstliche Lidstriche oder\u00a0Lippenkonturen erzeugt wird. Es wird mit ultrad\u00fcnnen Nadeln durchgef\u00fchrt. Durch diese\u00a0Nadeln werden mineralische oder synthetische Farbpigmente in die Hautoberfl\u00e4che \u00fcber den\u00a0kleinen Blutgef\u00e4\u00dfen gespritzt.<\/p>\n<p>&nbsp;<\/p>\n<h3><\/h3>\n<p>[\/vc_column_text][\/vc_column][vc_column width=&#8220;1\/2&#8243;][vc_single_image image=&#8220;3140&#8243; img_size=&#8220;full&#8220;][vc_empty_space][\/vc_column][\/vc_row][vc_row][vc_column width=&#8220;1\/2&#8243;][vc_single_image image=&#8220;3141&#8243; img_size=&#8220;full&#8220;][\/vc_column][vc_column width=&#8220;1\/2&#8243;][vc_empty_space][vc_empty_space][vc_column_text]<\/p>\n<h2>MICROBLADING<\/h2>\n<p>Die Methode an sich ist alles andere als neu. Sie kommt aus Asien und war die erste\u00a0Technik, mit der Tattoos gestochen wurden. Dort ist Microblading schon l\u00e4nger auf dem\u00a0Markt und ein absolutes Trend-Verfahren. Vor der Behandlung wird die optimale\u00a0Augenbrauenform ausgemessen und aufgezeichnet. Mit einer speziellen Art von Stift\u00a0werden dann feine Striche in die Haut geritzt und anschlie\u00dfend mit einer Pigmentierfarbe\u00a0aufgef\u00fcllt.[\/vc_column_text][\/vc_column][\/vc_row][vc_row][vc_column][\/vc_column][\/vc_row]<\/p>","protected":false},"excerpt":{"rendered":"<p>[vc_row css=&#8220;.vc_custom_1441270069409{padding-bottom: 120px !important;}&#8220;][vc_column width=&#8220;1\/2&#8243; list_style=&#8220;list-style-1&#8243;][vc_custom_heading text=&#8220;Natural Beauty&#8220; font_container=&#8220;tag:h2|font_size:30px|text_align:left|line_height:30px&#8220; use_theme_fonts=&#8220;yes&#8220;][vc_column_text] Herzlich Willkommen auf den Seiten von Natural Beauty. Sie interessieren sich f\u00fcr ein dauerhaftes Make-up und legen gr\u00f6\u00dften Wert auf ein nat\u00fcrliches Aussehen das hochwertig ist? Dann sind Sie bei uns richtig, wir sind die Spezialisten f\u00fcr Feinstpigmentierung in Berlin. Unser Team beraten Sie gern [&hellip;]<\/p>\n","protected":false},"author":1,"featured_media":0,"parent":0,"menu_order":0,"comment_status":"closed","ping_status":"closed","template":"","meta":{"footnotes":""},"yst_prominent_words":[],"_links":{"self":[{"href":"https:\/\/permanent24.com\/de\/wp-json\/wp\/v2\/pages\/866"}],"collection":[{"href":"https:\/\/permanent24.com\/de\/wp-json\/wp\/v2\/pages"}],"about":[{"href":"https:\/\/permanent24.com\/de\/wp-json\/wp\/v2\/types\/page"}],"author":[{"embeddable":true,"href":"https:\/\/permanent24.com\/de\/wp-json\/wp\/v2\/users\/1"}],"replies":[{"embeddable":true,"href":"https:\/\/permanent24.com\/de\/wp-json\/wp\/v2\/comments?post=866"}],"version-history":[{"count":31,"href":"https:\/\/permanent24.com\/de\/wp-json\/wp\/v2\/pages\/866\/revisions"}],"predecessor-version":[{"id":3765,"href":"https:\/\/permanent24.com\/de\/wp-json\/wp\/v2\/pages\/866\/revisions\/3765"}],"wp:attachment":[{"href":"https:\/\/permanent24.com\/de\/wp-json\/wp\/v2\/media?parent=866"}],"wp:term":[{"taxonomy":"yst_prominent_words","embeddable":true,"href":"https:\/\/permanent24.com\/de\/wp-json\/wp\/v2\/yst_prominent_words?post=866"}],"curies":[{"name":"wp","href":"https:\/\/api.w.org\/{rel}","templated":true}]}}