{"id":369,"date":"2015-08-18T08:13:51","date_gmt":"2015-08-18T08:13:51","guid":{"rendered":"http:\/\/tn.joomexp.com\/wordpress\/wp-medico\/?page_id=369"},"modified":"2024-02-09T13:47:53","modified_gmt":"2024-02-09T13:47:53","slug":"home","status":"publish","type":"page","link":"https:\/\/permanent24.com\/de\/","title":{"rendered":"Home"},"content":{"rendered":"<p>[vc_row full_width=&#8220;stretch_row_content_no_spaces&#8220;][vc_column][rev_slider_vc alias=&#8220;home-de&#8220;][\/vc_column][\/vc_row][vc_row][vc_column animation=&#8220;rda_pulse&#8220; el_class=&#8220;text-center&#8220;][vc_empty_space height=&#8220;75px&#8220;][vc_custom_heading text=&#8220;Herzlich Willkommen auf den Seiten von Natural Beauty&#8220; font_container=&#8220;tag:h2|font_size:50px|text_align:center|line_height:1&#8243; use_theme_fonts=&#8220;yes&#8220; css=&#8220;.vc_custom_1485779913282{margin-bottom: 22px !important;}&#8220;][vc_raw_html]JTNDcCUyMHN0eWxlJTNEJTIydGV4dC1hbGlnbiUzQSUyMGNlbnRlciUzQmZvbnQtc2l6ZSUzQSUyMDI4cHglM0Jmb250LXdlaWdodCUzQSUyMDMwMCUzQmxpbmUtaGVpZ2h0JTNBJTIwMS41ZW0lM0JtYXJnaW4tYm90dG9tJTNBJTIwMjhweCUzQiUyMiUzRUplZGUlMjBGcmF1JTIwd2lsbCUyMHNjaCVDMyVCNm4lMjBhdXNzZWhlbiUyQyUyMGVnYWwlMjB6dSUyMHdlbGNoZXIlMjBUYWdlc3plaXQuJTIwRWluJTIwYWt0aXZlciUyMExlYmVuc3N0aWwlMjB1bmQlMjB6YWhscmVpY2hlJTIwQXVmZ2FiZW4lMjBsYXNzZW4lMjBuaWNodCUyMGltbWVyJTIwcGVyZmVrdCUyMGF1c3NlaGVuLiUyME1pdCUyMEhpbGZlJTIwa29tbWVuJTIwd2lyJTJDJTIwYmlldGVuZCUyMGVpbmUlMjBicmVpdGUlMjBQYWxldHRlJTIwdm9uJTIwQmVoYW5kbHVuZ2VuJTJDJTIwdW0lMjBJaHIlMjBBdXNzZWhlbiUyMHp1JTIwdmVyYmVzc2Vybi4lMjBFaW5lJTIwdm9uJTIwZGVyJTIwYmVsaWVidGVzdGVuJTIwTCVDMyVCNnN1bmdlbiUyQyUyMGlzdCUyMGRpZSUyMG5hdCVDMyVCQ3JsaWNoZSUyMFNjaCVDMyVCNm5oZWl0JTIwZGVzJTIwUGVybWFuZW50JTIwTWFrZS11cHMuJTNDJTJGcCUzRQ==[\/vc_raw_html][cms_button button_text=&#8220;Leistungen&#8220; link_button=&#8220;https:\/\/permanent24.com\/de\/cennik\/&#8220; button_style=&#8220;btn-inverse&#8220;][vc_empty_space height=&#8220;85px&#8220;][\/vc_column][\/vc_row][vc_row full_width=&#8220;stretch_row_content_no_spaces&#8220; column_same_height=&#8220;yes&#8220; custom_responsive=&#8220;small-1-column&#8220; el_class=&#8220;no-paddingTop-small&#8220;][vc_column width=&#8220;1\/3&#8243; background_overlay_color_column=&#8220;yes&#8220; css=&#8220;.vc_custom_1482504769901{padding-top: 75px !important;padding-right: 30px !important;padding-bottom: 90px !important;padding-left: 30px !important;background-image: url(https:\/\/permanent24.com\/wp-content\/uploads\/2015\/08\/permament.jpg?id=2989) !important;background-position: center !important;background-repeat: no-repeat !important;background-size: cover !important;}&#8220; column_overlay_color=&#8220;rgba(85,188,233,0.85)&#8220;][vc_custom_heading text=&#8220;Jetzt Termin&#8220; font_container=&#8220;tag:h4|font_size:24px|text_align:center|line_height:24px&#8220; use_theme_fonts=&#8220;yes&#8220; css=&#8220;.vc_custom_1485780017358{margin-bottom: 5px !important;}&#8220;][vc_custom_heading text=&#8220;vereinbaren&#8220; font_container=&#8220;tag:h3|font_size:50px|text_align:center|color:%23ffffff|line_height:50px&#8220; use_theme_fonts=&#8220;yes&#8220; css=&#8220;.vc_custom_1485780025250{margin-bottom: 60px !important;}&#8220;]\n<div class=\"wpcf7 no-js\" id=\"wpcf7-f3155-o2\" lang=\"pl-PL\" dir=\"ltr\">\n<div class=\"screen-reader-response\"><p role=\"status\" aria-live=\"polite\" aria-atomic=\"true\"><\/p> <ul><\/ul><\/div>\n<form action=\"\/de\/wp-json\/wp\/v2\/pages\/369#wpcf7-f3155-o2\" method=\"post\" class=\"wpcf7-form init\" aria-label=\"Formularz kontaktowy\" novalidate=\"novalidate\" data-status=\"init\">\n<div style=\"display: none;\">\n<input type=\"hidden\" name=\"_wpcf7\" value=\"3155\" \/>\n<input type=\"hidden\" name=\"_wpcf7_version\" value=\"5.8.7\" \/>\n<input type=\"hidden\" name=\"_wpcf7_locale\" value=\"pl_PL\" \/>\n<input type=\"hidden\" name=\"_wpcf7_unit_tag\" value=\"wpcf7-f3155-o2\" \/>\n<input type=\"hidden\" name=\"_wpcf7_container_post\" value=\"0\" \/>\n<input type=\"hidden\" name=\"_wpcf7_posted_data_hash\" value=\"\" \/>\n<\/div>\n<div class=\"order-form placeholder-white form-white\">\n\t<p style=\"margin-bottom: 10px;\"><span class=\"wpcf7-form-control-wrap\" data-name=\"name\"><input size=\"40\" class=\"wpcf7-form-control wpcf7-text wpcf7-validates-as-required\" aria-required=\"true\" aria-invalid=\"false\" placeholder=\"Name\" value=\"\" type=\"text\" name=\"name\" \/><\/span>\n\t<\/p>\n\t<p style=\"margin-bottom: 10px;\"><span class=\"wpcf7-form-control-wrap\" data-name=\"menu-682\"><select class=\"wpcf7-form-control wpcf7-select fr-menu\" aria-invalid=\"false\" name=\"menu-682\"><option value=\"Microblading\">Microblading<\/option><option value=\"Microblading &amp; Schattierung\">Microblading &amp; Schattierung<\/option><option value=\"Schattierung\">Schattierung<\/option><option value=\"Wimpernkranz oben\">Wimpernkranz oben<\/option><option value=\"Lidstrich oben\">Lidstrich oben<\/option><option value=\"Lidstrich oben\">Lidstrich oben<\/option><option value=\"Lidstrich oben &amp; unten\">Lidstrich oben &amp; unten<\/option><option value=\"Lidstrich oben &amp; unten\">Lidstrich oben &amp; unten<\/option><option value=\"Vollzeichnung\">Vollzeichnung<\/option><option value=\"Micro Needling Mesotherapie\">Micro Needling Mesotherapie<\/option><\/select><\/span>\n\t<\/p>\n\t<p style=\"margin-bottom: 10px;\"><span class=\"wpcf7-form-control-wrap\" data-name=\"phone\"><input size=\"40\" class=\"wpcf7-form-control wpcf7-text\" aria-invalid=\"false\" placeholder=\"Telefon\" value=\"\" type=\"text\" name=\"phone\" \/><\/span>\n\t<\/p>\n\t<p style=\"margin-bottom: 0px;\"><input class=\"wpcf7-form-control wpcf7-submit has-spinner btn\" type=\"submit\" value=\"Senden\" \/>\n\t<\/p>\n<\/div><div class=\"wpcf7-response-output\" aria-hidden=\"true\"><\/div>\n<\/form>\n<\/div>\n[\/vc_column][vc_column width=&#8220;1\/3&#8243; background_overlay_color_column=&#8220;yes&#8220; css=&#8220;.vc_custom_1482504969046{padding-top: 75px !important;padding-right: 30px !important;padding-bottom: 90px !important;padding-left: 30px !important;background-image: url(https:\/\/permanent24.com\/wp-content\/uploads\/2015\/08\/makija\u017c-permanentny.jpg?id=2991) !important;background-position: center !important;background-repeat: no-repeat !important;background-size: cover !important;}&#8220; column_overlay_color=&#8220;rgba(100,150,207,0.9)&#8220;][vc_custom_heading text=&#8220;Bewertungen&#8220; font_container=&#8220;tag:h3|font_size:50px|text_align:center|color:%23ffffff|line_height:50px&#8220; use_theme_fonts=&#8220;yes&#8220; css=&#8220;.vc_custom_1485784413029{margin-bottom: 20px !important;}&#8220;][vc_empty_space][cms_carousel xsmall_items=&#8220;1&#8243; small_items=&#8220;1&#8243; medium_items=&#8220;1&#8243; large_items=&#8220;1&#8243; nav=&#8220;false&#8220; source=&#8220;size:10|order_by:date|post_type:testimonial&#8220; cms_template=&#8220;cms_carousel&#8211;layout-teatimonial1.php&#8220;][\/vc_column][vc_column width=&#8220;1\/3&#8243; list_style=&#8220;list-no-bullets&#8220; background_overlay_color_column=&#8220;yes&#8220; css=&#8220;.vc_custom_1482505269464{padding-top: 75px !important;padding-right: 30px !important;padding-bottom: 90px !important;padding-left: 30px !important;background-image: url(https:\/\/permanent24.com\/wp-content\/uploads\/2015\/08\/microblending.jpg?id=2993) !important;background-position: center !important;background-repeat: no-repeat !important;background-size: cover !important;}&#8220; column_overlay_color=&#8220;rgba(115,112,181,0.9)&#8220;][vc_custom_heading text=&#8220;Unsere&#8220; font_container=&#8220;tag:h4|font_size:24px|text_align:center|line_height:24px&#8220; use_theme_fonts=&#8220;yes&#8220; css=&#8220;.vc_custom_1485183528137{margin-bottom: 5px !important;}&#8220;][vc_custom_heading text=&#8220;\u00d6ffnungszeiten&#8220; font_container=&#8220;tag:h3|font_size:50px|text_align:center|color:%23ffffff|line_height:50px&#8220; use_theme_fonts=&#8220;yes&#8220; css=&#8220;.vc_custom_1485183519459{margin-bottom: 60px !important;}&#8220;][vc_column_text]<\/p>\n<ul>\n<li>Mo \u2013 Di:<strong class=\"pull-right\"> 08:00 &#8211; 20:00 Uhr<\/strong><\/li>\n<li>Do \u2013 Fr:<strong class=\"pull-right\"> 08:00 &#8211; 18:00 Uhr<\/strong><\/li>\n<li>Samstag:<strong class=\"pull-right\"><strong class=\"pull-right\">\u00a0Geschlossen\u00a0<\/strong><\/strong><\/li>\n<\/ul>\n<p>[\/vc_column_text][\/vc_column][\/vc_row][vc_row custom_responsive=&#8220;small-1-column&#8220; css=&#8220;.vc_custom_1442798939165{padding-top: 95px !important;padding-bottom: 110px !important;}&#8220;][vc_column width=&#8220;1\/2&#8243;][vc_custom_heading text=&#8220;Leistungen&#8220; font_container=&#8220;tag:h3|font_size:40px|text_align:left|line_height:40px&#8220; use_theme_fonts=&#8220;yes&#8220; css=&#8220;.vc_custom_1485182845176{margin-top: 20px !important;margin-bottom: 28px !important;}&#8220;][vc_tta_accordion shape=&#8220;square&#8220; spacing=&#8220;1&#8243; active_section=&#8220;1&#8243; collapsible_all=&#8220;true&#8220;][vc_tta_section title=&#8220;Permanent Make-up&#8220; tab_id=&#8220;1438844600970-d606bc07-efe3&#8243;][vc_column_text]<\/p>\n<div class=\"media\">\n<div class=\"media-left\">\n<p><strong>Permanent Make-up (PMU)<\/strong> ist die Bezeichnung f\u00fcr spezielle kosmetische Mikropigmentation im Gesicht, die durch die mehrj\u00e4hrig haltbare k\u00fcnstliche Lidstriche oder Lippenkonturen erzeugt wird. Es wird mit ultrad\u00fcnnen Nadeln durchgef\u00fchrt. Durch diese Nadeln werden mineralische oder synthetische Farbpigmente in die Hautoberfl\u00e4che \u00fcber den kleinen Blutgef\u00e4\u00dfen gespritzt.<\/p>\n<\/div>\n<\/div>\n<p>[\/vc_column_text][vc_empty_space height=&#8220;15px&#8220;][vc_single_image image=&#8220;3140&#8243; img_size=&#8220;full&#8220;][\/vc_tta_section][vc_tta_section title=&#8220;Microblading&#8220; tab_id=&#8220;1438844600299-3571000d-a24a&#8220;][vc_column_text]<\/p>\n<div class=\"media\">\n<div class=\"media-left\">\n<p><strong>Microblading<\/strong> &#8211; Die Methode an sich ist alles andere als neu. Sie kommt aus Asien und war die erste\u00a0Technik, mit der Tattoos gestochen wurden. Dort ist Microblading schon l\u00e4nger auf dem\u00a0Markt und ein absolutes Trend-Verfahren. Vor der Behandlung wird die optimale\u00a0Augenbrauenform ausgemessen und aufgezeichnet. Mit einer speziellen Art von Stift\u00a0werden dann feine Striche in die Haut geritzt und anschlie\u00dfend mit einer Pigmentierfarbe\u00a0aufgef\u00fcllt.<\/p>\n<\/div>\n<\/div>\n<p>[\/vc_column_text][vc_empty_space height=&#8220;15px&#8220;][vc_single_image image=&#8220;3141&#8243; img_size=&#8220;full&#8220;][\/vc_tta_section][\/vc_tta_accordion][\/vc_column][vc_column width=&#8220;1\/2&#8243;][vc_custom_heading text=&#8220;Informationen&#8220; font_container=&#8220;tag:h3|font_size:40px|text_align:left|line_height:40px&#8220; use_theme_fonts=&#8220;yes&#8220; css=&#8220;.vc_custom_1485183157612{margin-top: 20px !important;margin-bottom: 28px !important;}&#8220;][vc_tta_tabs style=&#8220;flat&#8220; shape=&#8220;square&#8220; active_section=&#8220;1&#8243;][vc_tta_section title=&#8220;Wann darf ein Permanent Make up NICHT durchgef\u00fchrt werden?&#8220; tab_id=&#8220;1438789540665-6d514071-b4a1&#8243;][vc_column_text]<strong>Wann darf ein Permanent Make up NICHT durchgef\u00fchrt werden?<\/strong>[\/vc_column_text][vc_empty_space][vc_column_text]<\/p>\n<ul>\n<li>Bei\u00a0H\u00e4mophilie (Bluterkrankheit)<\/li>\n<li>Bei Hepatitis<\/li>\n<li>Bei HIV-Infektion<\/li>\n<li>Bei Hautkrankheiten (z. B. Ekzeme)<\/li>\n<li>Bei Allergien betreffend Arbeitsmaterialien<\/li>\n<li>Bei angeborenen Immundefizienzerkrankungen<\/li>\n<li>Bei Einnahme von immunsuppressiven Medikamenten (nach einer Chemotherapie)<\/li>\n<li>Bei Autoimmunerkrankung<\/li>\n<li>Wenn Sie blutverd\u00fcnnende Medikamente einnehmen<\/li>\n<li>Bei Geschlechtskrankheiten<\/li>\n<li>Bei anderen chronischen oder akuten Erkrankungen<\/li>\n<li>Schwangerschaft und Stillzeit<\/li>\n<li>Akute Infekte wie Erk\u00e4ltung<\/li>\n<li>Psychische St\u00f6rungen<\/li>\n<li>Diabetes Typ 1<\/li>\n<li>Die M\u00f6glichkeit der Bildung von Keloid-Narben<\/li>\n<li>Epilepsie<\/li>\n<\/ul>\n<p>[\/vc_column_text][\/vc_tta_section][\/vc_tta_tabs][\/vc_column][vc_column][vc_empty_space][\/vc_column][vc_column][\/vc_column][\/vc_row][vc_row full_width=&#8220;stretch_row&#8220; background_image_fixed=&#8220;yes&#8220; custom_responsive=&#8220;small-1-column&#8220; css=&#8220;.vc_custom_1486038944636{background: #adadad url(https:\/\/permanent24.com\/wp-content\/uploads\/revslider\/main-home\/slide_bg.jpg?id=2912) !important;background-position: center !important;background-repeat: no-repeat !important;background-size: cover !important;}&#8220; el_class=&#8220;row-vs&#8220;][vc_column][vc_empty_space height=&#8220;10px&#8220;][vc_row_inner][vc_column_inner animation=&#8220;rda_fadeInRight&#8220;][vc_empty_space height=&#8220;70px&#8220;][vc_custom_heading text=&#8220;Warum sollten Sie uns w\u00e4hlen?&#8220; font_container=&#8220;tag:h2|font_size:50px|text_align:left|color:%23ffffff|line_height:50px&#8220; use_theme_fonts=&#8220;yes&#8220; css=&#8220;.vc_custom_1486039021524{margin-bottom: 22px !important;}&#8220;][\/vc_column_inner][\/vc_row_inner][vc_row_inner custom_responsive=&#8220;small-2-column&#8220; el_class=&#8220;fancybox-feature&#8220;][vc_column_inner width=&#8220;1\/3&#8243;][cms_fancybox_single icon_fontawesome=&#8220;fa fa-building&#8220; title_item=&#8220;Vertrauen und Stabilit\u00e4t&#8220; button_type=&#8220;text&#8220; button_link=&#8220;&#8220; cms_fancybox_icon_color=&#8220;#ffffff&#8220; cms_fancybox_icon_bg_color=&#8220;#7370b5&#8243; cms_fancybox_icon_fontsize=&#8220;26px&#8220; cms_fancybox_icon_height=&#8220;70px&#8220; cms_fancybox_icon_width=&#8220;70px&#8220; cms_fancybox_icon_border_radius=&#8220;100px&#8220; cms_title_size=&#8220;h3&#8243; cms_link_title=&#8220;#&#8220; cms_fancybox_title_color=&#8220;#ffffff&#8220; cms_fancybox_des_color=&#8220;#ffffff&#8220; cms_title_weight=&#8220;700&#8243; animation=&#8220;rda_fadeInUp&#8220; cms_template=&#8220;cms_fancybox_single&#8211;layout1.php&#8220;][vc_empty_space height=&#8220;10px&#8220;][\/vc_column_inner][vc_column_inner width=&#8220;1\/3&#8243;][vc_empty_space height=&#8220;10px&#8220;][cms_fancybox_single icon_fontawesome=&#8220;fa fa-pencil&#8220; title_item=&#8220;G\u00fcnstiger Preis&#8220; cms_fancybox_icon_color=&#8220;#ffffff&#8220; cms_fancybox_icon_bg_color=&#8220;#7370b5&#8243; cms_fancybox_icon_fontsize=&#8220;26px&#8220; cms_fancybox_icon_height=&#8220;70px&#8220; cms_fancybox_icon_width=&#8220;70px&#8220; cms_fancybox_icon_border_radius=&#8220;100px&#8220; cms_title_size=&#8220;h3&#8243; cms_link_title=&#8220;#&#8220; cms_fancybox_title_color=&#8220;#ffffff&#8220; cms_fancybox_des_color=&#8220;#ffffff&#8220; cms_title_weight=&#8220;700&#8243; animation=&#8220;rda_fadeInUp&#8220; cms_template=&#8220;cms_fancybox_single&#8211;layout1.php&#8220;][vc_empty_space height=&#8220;10px&#8220;][\/vc_column_inner][vc_column_inner width=&#8220;1\/3&#8243;][cms_fancybox_single icon_fontawesome=&#8220;fa fa-users&#8220; title_item=&#8220;Kompetente Kundenbetreuung&#8220; cms_fancybox_icon_color=&#8220;#ffffff&#8220; cms_fancybox_icon_bg_color=&#8220;#7370b5&#8243; cms_fancybox_icon_fontsize=&#8220;26px&#8220; cms_fancybox_icon_height=&#8220;70px&#8220; cms_fancybox_icon_width=&#8220;70px&#8220; cms_fancybox_icon_border_radius=&#8220;100px&#8220; cms_title_size=&#8220;h3&#8243; cms_link_title=&#8220;#&#8220; cms_fancybox_title_color=&#8220;#ffffff&#8220; cms_fancybox_des_color=&#8220;#ffffff&#8220; cms_title_weight=&#8220;700&#8243; animation=&#8220;rda_fadeInUp&#8220; cms_template=&#8220;cms_fancybox_single&#8211;layout1.php&#8220;][vc_empty_space height=&#8220;10px&#8220;][\/vc_column_inner][\/vc_row_inner][vc_empty_space height=&#8220;70px&#8220;][\/vc_column][\/vc_row][vc_row full_width=&#8220;stretch_row&#8220; css=&#8220;.vc_custom_1442809788203{padding-top: 50px !important;padding-bottom: 50px !important;background-color: #fafafa !important;}&#8220; el_class=&#8220;text-center-small text-center-mini&#8220;][vc_column width=&#8220;2\/3&#8243;][vc_raw_html]JTNDaDIlMjBzdHlsZSUzRCUyMm1hcmdpbiUzQSUyMDhweCUyMDAlM0IlMjIlM0UlM0NzcGFuJTIwY2xhc3MlM0QlMjJ0aGluJTIwZ3JleSUyMiUzRUpldHp0JTIwVGVybWluJTIwdmVyZWluYmFyZW4lM0MlMkZzcGFuJTNFJTNDJTJGaDIlM0U=[\/vc_raw_html][\/vc_column][vc_column width=&#8220;1\/3&#8243; text_align=&#8220;right&#8220;][cms_button button_text=&#8220;Kontakt&#8220; link_button=&#8220;https:\/\/permanent24.com\/de\/kontakt&#8220; icon_fontawesome=&#8220;fa fa-calendar&#8220;][\/vc_column][\/vc_row][vc_row full_width=&#8220;stretch_row_content_no_spaces&#8220;][vc_column][cms_carousel xsmall_items=&#8220;1&#8243; small_items=&#8220;2&#8243; medium_items=&#8220;3&#8243; large_items=&#8220;3&#8243; margin=&#8220;0&#8243; dots=&#8220;false&#8220; autoplay=&#8220;false&#8220; source=&#8220;size:6|order_by:date|post_type:galeries&#8220; cms_template=&#8220;cms_carousel&#8211;layout-gallery1.php&#8220;][\/vc_column][\/vc_row]<\/p>","protected":false},"excerpt":{"rendered":"<p>[vc_row full_width=&#8220;stretch_row_content_no_spaces&#8220;][vc_column][rev_slider_vc alias=&#8220;home-de&#8220;][\/vc_column][\/vc_row][vc_row][vc_column animation=&#8220;rda_pulse&#8220; el_class=&#8220;text-center&#8220;][vc_empty_space height=&#8220;75px&#8220;][vc_custom_heading text=&#8220;Herzlich Willkommen auf den Seiten von Natural Beauty&#8220; font_container=&#8220;tag:h2|font_size:50px|text_align:center|line_height:1&#8243; use_theme_fonts=&#8220;yes&#8220; css=&#8220;.vc_custom_1485779913282{margin-bottom: 22px !important;}&#8220;][vc_raw_html]JTNDcCUyMHN0eWxlJTNEJTIydGV4dC1hbGlnbiUzQSUyMGNlbnRlciUzQmZvbnQtc2l6ZSUzQSUyMDI4cHglM0Jmb250LXdlaWdodCUzQSUyMDMwMCUzQmxpbmUtaGVpZ2h0JTNBJTIwMS41ZW0lM0JtYXJnaW4tYm90dG9tJTNBJTIwMjhweCUzQiUyMiUzRUplZGUlMjBGcmF1JTIwd2lsbCUyMHNjaCVDMyVCNm4lMjBhdXNzZWhlbiUyQyUyMGVnYWwlMjB6dSUyMHdlbGNoZXIlMjBUYWdlc3plaXQuJTIwRWluJTIwYWt0aXZlciUyMExlYmVuc3N0aWwlMjB1bmQlMjB6YWhscmVpY2hlJTIwQXVmZ2FiZW4lMjBsYXNzZW4lMjBuaWNodCUyMGltbWVyJTIwcGVyZmVrdCUyMGF1c3NlaGVuLiUyME1pdCUyMEhpbGZlJTIwa29tbWVuJTIwd2lyJTJDJTIwYmlldGVuZCUyMGVpbmUlMjBicmVpdGUlMjBQYWxldHRlJTIwdm9uJTIwQmVoYW5kbHVuZ2VuJTJDJTIwdW0lMjBJaHIlMjBBdXNzZWhlbiUyMHp1JTIwdmVyYmVzc2Vybi4lMjBFaW5lJTIwdm9uJTIwZGVyJTIwYmVsaWVidGVzdGVuJTIwTCVDMyVCNnN1bmdlbiUyQyUyMGlzdCUyMGRpZSUyMG5hdCVDMyVCQ3JsaWNoZSUyMFNjaCVDMyVCNm5oZWl0JTIwZGVzJTIwUGVybWFuZW50JTIwTWFrZS11cHMuJTNDJTJGcCUzRQ==[\/vc_raw_html][cms_button button_text=&#8220;Leistungen&#8220; link_button=&#8220;https:\/\/permanent24.com\/de\/cennik\/&#8220; button_style=&#8220;btn-inverse&#8220;][vc_empty_space height=&#8220;85px&#8220;][\/vc_column][\/vc_row][vc_row full_width=&#8220;stretch_row_content_no_spaces&#8220; column_same_height=&#8220;yes&#8220; custom_responsive=&#8220;small-1-column&#8220; el_class=&#8220;no-paddingTop-small&#8220;][vc_column width=&#8220;1\/3&#8243; background_overlay_color_column=&#8220;yes&#8220; css=&#8220;.vc_custom_1482504769901{padding-top: 75px !important;padding-right: 30px !important;padding-bottom: 90px !important;padding-left: 30px !important;background-image: url(https:\/\/permanent24.com\/wp-content\/uploads\/2015\/08\/permament.jpg?id=2989) !important;background-position: center !important;background-repeat: no-repeat !important;background-size: cover !important;}&#8220; column_overlay_color=&#8220;rgba(85,188,233,0.85)&#8220;][vc_custom_heading text=&#8220;Jetzt Termin&#8220; font_container=&#8220;tag:h4|font_size:24px|text_align:center|line_height:24px&#8220; use_theme_fonts=&#8220;yes&#8220; css=&#8220;.vc_custom_1485780017358{margin-bottom: 5px !important;}&#8220;][vc_custom_heading text=&#8220;vereinbaren&#8220; [&hellip;]<\/p>\n","protected":false},"author":1,"featured_media":0,"parent":0,"menu_order":0,"comment_status":"closed","ping_status":"closed","template":"","meta":{"footnotes":""},"yst_prominent_words":[],"_links":{"self":[{"href":"https:\/\/permanent24.com\/de\/wp-json\/wp\/v2\/pages\/369"}],"collection":[{"href":"https:\/\/permanent24.com\/de\/wp-json\/wp\/v2\/pages"}],"about":[{"href":"https:\/\/permanent24.com\/de\/wp-json\/wp\/v2\/types\/page"}],"author":[{"embeddable":true,"href":"https:\/\/permanent24.com\/de\/wp-json\/wp\/v2\/users\/1"}],"replies":[{"embeddable":true,"href":"https:\/\/permanent24.com\/de\/wp-json\/wp\/v2\/comments?post=369"}],"version-history":[{"count":132,"href":"https:\/\/permanent24.com\/de\/wp-json\/wp\/v2\/pages\/369\/revisions"}],"predecessor-version":[{"id":3849,"href":"https:\/\/permanent24.com\/de\/wp-json\/wp\/v2\/pages\/369\/revisions\/3849"}],"wp:attachment":[{"href":"https:\/\/permanent24.com\/de\/wp-json\/wp\/v2\/media?parent=369"}],"wp:term":[{"taxonomy":"yst_prominent_words","embeddable":true,"href":"https:\/\/permanent24.com\/de\/wp-json\/wp\/v2\/yst_prominent_words?post=369"}],"curies":[{"name":"wp","href":"https:\/\/api.w.org\/{rel}","templated":true}]}}